{"id":371,"date":"2025-05-17T10:53:08","date_gmt":"2025-05-17T10:53:08","guid":{"rendered":"https:\/\/www.vandaestet.fi\/?page_id=371"},"modified":"2025-06-17T12:32:14","modified_gmt":"2025-06-17T12:32:14","slug":"koulutukset","status":"publish","type":"page","link":"http:\/\/www.vandaestet.fi\/index.php\/koulutukset\/","title":{"rendered":"Koulutukset"},"content":{"rendered":"\n<div class=\"wp-block-group alignfull has-accent-background-color has-background has-global-padding is-layout-constrained wp-container-core-group-is-layout-3 wp-block-group-is-layout-constrained\" style=\"margin-top:0;margin-bottom:0;padding-top:var(--wp--preset--spacing--50);padding-right:var(--wp--preset--spacing--50);padding-bottom:var(--wp--preset--spacing--50);padding-left:var(--wp--preset--spacing--50)\">\n<div class=\"wp-block-columns alignwide is-layout-flex wp-container-core-columns-is-layout-1 wp-block-columns-is-layout-flex\">\n<div class=\"wp-block-column is-vertically-aligned-stretch is-layout-flow wp-block-column-is-layout-flow\" style=\"flex-basis:50%\">\n<div class=\"wp-block-group is-vertical is-content-justification-stretch is-layout-flex wp-container-core-group-is-layout-2 wp-block-group-is-layout-flex\" style=\"min-height:100%\">\n<p class=\"has-heading-font-family has-large-font-size\" style=\"line-height:1.2\"><strong>Tervetuloa intensiivisen<\/strong> <strong>kemiallisen kuorinnan verkkokoulutukseemme<\/strong><\/p>\n\n\n\n<div class=\"wp-block-group has-global-padding is-content-justification-left is-layout-constrained wp-container-core-group-is-layout-1 wp-block-group-is-layout-constrained\">\n<p class=\"wp-container-content-1\"><strong>Kouluttaja: Irina <\/strong><strong>Lehtinen. MD kosmetologi, AAAM sertifioitu asiantutija, trikologi, saunaterpeutti<\/strong><\/p>\n\n\n\n<p><strong>Webinaari pidet\u00e4\u00e4n Teams kautta<\/strong><\/p>\n\n\n\n<p><strong>Hinta 350 \u20ac<\/strong> (sis. ALV 25,5%)<\/p>\n\n\n\n<p>Koulutuksen kesto 4 p\u00e4iv\u00e4\u00e4 \/ 3,5 tuntia<\/p>\n\n\n\n<p>Tutustu koulutuksen sis\u00e4lt\u00f6\u00f6n osoitteessa<\/p>\n\n\n\n<p><strong>www.vandaestet.fi<\/strong><\/p>\n\n\n\n<p>+358401958995<\/p>\n\n\n\n<p class=\"wp-container-content-2\">Irina.lehtinen@vandaestet.fi<\/p>\n\n\n\n<div class=\"wp-block-buttons is-layout-flex wp-block-buttons-is-layout-flex\"><\/div>\n<\/div>\n<\/div>\n<\/div>\n\n\n\n<div class=\"wp-block-column is-vertically-aligned-center is-layout-flow wp-block-column-is-layout-flow\" style=\"flex-basis:50%\">\n<figure class=\"wp-block-image size-large is-style-rounded is-style-rounded--1\"><img loading=\"lazy\" decoding=\"async\" width=\"1024\" height=\"820\" src=\"http:\/\/www.vandaestet.fi\/wp-content\/uploads\/2024\/05\/vandaestet_esite_lopullinen2-1-11-1024x820.png\" alt=\"\" class=\"wp-image-306\" style=\"aspect-ratio:3\/4;object-fit:cover\" srcset=\"http:\/\/www.vandaestet.fi\/wp-content\/uploads\/2024\/05\/vandaestet_esite_lopullinen2-1-11-1024x820.png 1024w, http:\/\/www.vandaestet.fi\/wp-content\/uploads\/2024\/05\/vandaestet_esite_lopullinen2-1-11-300x240.png 300w, http:\/\/www.vandaestet.fi\/wp-content\/uploads\/2024\/05\/vandaestet_esite_lopullinen2-1-11-768x615.png 768w, http:\/\/www.vandaestet.fi\/wp-content\/uploads\/2024\/05\/vandaestet_esite_lopullinen2-1-11-1536x1230.png 1536w, http:\/\/www.vandaestet.fi\/wp-content\/uploads\/2024\/05\/vandaestet_esite_lopullinen2-1-11-2048x1641.png 2048w\" sizes=\"auto, (max-width: 1024px) 100vw, 1024px\" \/><\/figure>\n<\/div>\n<\/div>\n<\/div>\n\n\n\n<div class=\"wp-block-group alignfull has-base-background-color has-background has-global-padding is-layout-constrained wp-container-core-group-is-layout-4 wp-block-group-is-layout-constrained\" style=\"margin-top:0;margin-bottom:0;padding-top:var(--wp--preset--spacing--50);padding-right:var(--wp--preset--spacing--50);padding-bottom:var(--wp--preset--spacing--50);padding-left:var(--wp--preset--spacing--50)\">\n<div class=\"wp-block-columns alignwide is-layout-flex wp-container-core-columns-is-layout-3 wp-block-columns-is-layout-flex\">\n<div class=\"wp-block-column has-global-padding is-content-justification-left is-layout-constrained wp-container-core-column-is-layout-3 wp-block-column-is-layout-constrained\" style=\"flex-basis:40%\">\n<p>T\u00e4m\u00e4 koulutus on mainosvapaa eik\u00e4 sis\u00e4ll\u00e4 tuotemerkkeihin liittyv\u00e4\u00e4 sis\u00e4lt\u00f6\u00e4.<\/p>\n<\/div>\n\n\n\n<div class=\"wp-block-column is-layout-flow wp-container-core-column-is-layout-6 wp-block-column-is-layout-flow\" style=\"flex-basis:60%\">\n<p class=\"has-heading-font-family has-large-font-size\" style=\"line-height:1.2\">Opimme kaiken kemiallisista kuorinnoista, k\u00e4ytetyist\u00e4 hapoista ja niiden ominaisuuksista, sek\u00e4 kemiallisen<br>kuorinnan k\u00e4ytt\u00f6s\u00e4\u00e4nn\u00f6t ja turvallinen toteutus. Mm. miten happo vaikuttaa jokaiseen orvaskeden kerrokseen, normaaleja reaktioita ja mahdollisia komplikaatioita toimenpiteen aikana. Keskustelemme erilaisten iho-ongelmien hoidosta: pigmenttih\u00e4iri\u00f6t, akne, aknearvet, couperosa, ruusufinni, hyperkeratoosi.<\/p>\n\n\n\n<p class=\"has-heading-font-family has-medium-font-size\" style=\"line-height:1.2\">Saat hoitoprotokollat jokaiseen ihon kosmeettiseen ongelmaan.  Tavoitteena on, ett\u00e4 koulutuksen j\u00e4lkeen pystyt itsen\u00e4isesti valitsemaan oikeanlaisen happotuotteen eri ihotyypeille ja kosmeettisiin ongelmiin \u2013 ammattitaitoisesti ja turvallisesti. Koulutuksen j\u00e4lkeen saat todistuksen sek\u00e4 ilmaisia konsultaatioita ja suosituksia vuoden ajan.<\/p>\n\n\n\n<div class=\"wp-block-columns is-layout-flex wp-container-core-columns-is-layout-2 wp-block-columns-is-layout-flex\">\n<div class=\"wp-block-column is-layout-flow wp-block-column-is-layout-flow\"><\/div>\n\n\n\n<div class=\"wp-block-column is-layout-flow wp-block-column-is-layout-flow\"><\/div>\n<\/div>\n<\/div>\n<\/div>\n<\/div>\n\n\n\n<div class=\"wp-block-group alignfull has-global-padding is-layout-constrained wp-container-core-group-is-layout-10 wp-block-group-is-layout-constrained\" style=\"margin-top:0;margin-bottom:0;padding-top:var(--wp--preset--spacing--50);padding-right:var(--wp--preset--spacing--50);padding-bottom:var(--wp--preset--spacing--50);padding-left:var(--wp--preset--spacing--50)\">\n<div class=\"wp-block-group is-vertical is-content-justification-center is-layout-flex wp-container-core-group-is-layout-5 wp-block-group-is-layout-flex\">\n<h2 class=\"wp-block-heading has-text-align-center has-xx-large-font-size\">Koulutuksen sis\u00e4lt\u00f6<\/h2>\n<\/div>\n\n\n\n<div style=\"height:var(--wp--preset--spacing--30)\" aria-hidden=\"true\" class=\"wp-block-spacer\"><\/div>\n\n\n\n<div class=\"wp-block-columns alignwide is-layout-flex wp-container-core-columns-is-layout-4 wp-block-columns-is-layout-flex\" style=\"padding-right:0;padding-left:0\">\n<div class=\"wp-block-column is-layout-flow wp-block-column-is-layout-flow\">\n<div class=\"wp-block-group is-vertical is-content-justification-center is-nowrap is-layout-flex wp-container-core-group-is-layout-6 wp-block-group-is-layout-flex\">\n<p class=\"has-text-align-center has-small-font-size\"><strong>Osa I<\/strong><\/p>\n\n\n\n<ul class=\"wp-block-list has-small-font-size\">\n<li>Perustiedot: mik\u00e4 on K.K ja niiden vaikutukset iholle, historia<\/li>\n\n\n\n<li>Fitzpatrick asteikko. I-VI ihon tyypit<\/li>\n\n\n\n<li class=\"has-small-font-size\">Orvaskeden rakenne-hapon vaikutus joka kerrokseen<\/li>\n\n\n\n<li>Tyvisolukerros ja pintaryppyjen muodostamisen esto<\/li>\n\n\n\n<li>Happojen ominaisuudet- %, moolimassa, pH,<\/li>\n\n\n\n<li>Lis\u00e4aineet<\/li>\n\n\n\n<li>Hapon vahvuus- kevyt, keski-vahva, vahva<\/li>\n<\/ul>\n<\/div>\n<\/div>\n\n\n\n<div class=\"wp-block-column is-layout-flow wp-block-column-is-layout-flow\">\n<div class=\"wp-block-group is-vertical is-content-justification-center is-nowrap is-layout-flex wp-container-core-group-is-layout-7 wp-block-group-is-layout-flex\">\n<p class=\"has-text-align-center has-small-font-size\"><strong>Osa II<\/strong><\/p>\n\n\n\n<ul class=\"wp-block-list\">\n<li class=\"has-small-font-size\">AHA- glykoli-, maito-, manteli-, omena-, fytiini-, sitruunahapot<\/li>\n<\/ul>\n\n\n\n<ul class=\"wp-block-list has-small-font-size\">\n<li>AKA-paloryp\u00e4lehappo<\/li>\n<\/ul>\n\n\n\n<ul class=\"wp-block-list\">\n<li class=\"has-small-font-size\">Atselaiinihappo<\/li>\n\n\n\n<li class=\"has-small-font-size\">Fenoliryhm\u00e4- fenoli, BHA (salisyylihappo), LHA, resorsinoli, Jessner, Miamipeel<\/li>\n\n\n\n<li class=\"has-small-font-size\">PHA-laktobioni-, glykonihappo<\/li>\n\n\n\n<li class=\"has-small-font-size\">TCA<\/li>\n\n\n\n<li class=\"has-small-font-size\">Modifioidut TCA<\/li>\n\n\n\n<li class=\"has-small-font-size\">Retinoidit<\/li>\n\n\n\n<li class=\"has-small-font-size\">Happojen yhdistelm\u00e4t<\/li>\n<\/ul>\n<\/div>\n<\/div>\n\n\n\n<div class=\"wp-block-column is-layout-flow wp-block-column-is-layout-flow\">\n<div class=\"wp-block-group is-vertical is-content-justification-center is-nowrap is-layout-flex wp-container-core-group-is-layout-8 wp-block-group-is-layout-flex\">\n<p class=\"has-text-align-center has-small-font-size\"><strong>Osa III<\/strong><\/p>\n\n\n\n<ul class=\"wp-block-list\">\n<li class=\"has-small-font-size\">Normaalit reaktiot: punoitus, turvotus, kutina, ice frost ja sen tyypit, hilseily<\/li>\n\n\n\n<li class=\"has-small-font-size\">Komplikaatiot: hallitematon hapon tunkeutuminen, jakaa linja, marmorinen iho, rakkuloita, allergia, pysyv\u00e4 eryteem\u00e4, PIH, pigmenttiviat, kosketusekseema<\/li>\n\n\n\n<li class=\"has-small-font-size\">Komplikaation ehk\u00e4isy ja hoito<\/li>\n\n\n\n<li class=\"has-small-font-size\">Komplikaatioiden ja normaalien reaktioiden ero<\/li>\n<\/ul>\n<\/div>\n<\/div>\n\n\n\n<div class=\"wp-block-column is-layout-flow wp-block-column-is-layout-flow\">\n<p class=\"has-text-align-center has-small-font-size\"><strong>Osa IV<\/strong><\/p>\n\n\n\n<div class=\"wp-block-group is-vertical is-content-justification-center is-nowrap is-layout-flex wp-container-core-group-is-layout-9 wp-block-group-is-layout-flex\">\n<ul class=\"wp-block-list has-small-font-size\">\n<li>K\u00e4ytt\u00f6alueet<\/li>\n\n\n\n<li>Perustutkimus<\/li>\n\n\n\n<li>Vasta-aiheet<\/li>\n\n\n\n<li>Raskaus ja imetys<\/li>\n\n\n\n<li>Muiden toimepiteiden yhdistelm\u00e4t<\/li>\n\n\n\n<li>Kotihoidon j\u00e4lkihoito<\/li>\n<\/ul>\n<\/div>\n<\/div>\n<\/div>\n\n\n\n<p class=\"has-text-align-left has-small-font-size\"><strong>Osa V<\/strong><\/p>\n\n\n\n<ul class=\"wp-block-list\">\n<li class=\"has-small-font-size\">k.k menetelm\u00e4: pre-peel, post-peel, k.k k\u00e4ytt\u00f6, neitralisaatio<\/li>\n\n\n\n<li class=\"has-small-font-size\">k.K levistysmenetelm\u00e4: hieronnalla, siveltimell\u00e4, vanupuikolla, crosspeel<\/li>\n\n\n\n<li class=\"has-small-font-size\">Mik\u00e4 pit\u00e4\u00e4 muistaa k.k k\u00e4yt\u00f6ss\u00e4<\/li>\n<\/ul>\n\n\n\n<p class=\"has-text-align-left has-small-font-size\"><strong>Osa VI<\/strong><\/p>\n\n\n\n<ul class=\"wp-block-list\">\n<li class=\"has-small-font-size\">Pigmenttih\u00e4iri\u00f6t<\/li>\n\n\n\n<li class=\"has-small-font-size\">Melaniinin tuotanto- MSH, tyrosiini, tyrosynaasi<\/li>\n\n\n\n<li class=\"has-small-font-size\">Aurinkovaikutus iholle, solarium, rusketus<\/li>\n\n\n\n<li class=\"has-small-font-size\">Self tanning<\/li>\n\n\n\n<li class=\"has-small-font-size\">Perinn\u00f6lliset pigmenttih\u00e4iri\u00f6t: pisamat, yksitynen pigmenttil\u00e4isk\u00e4, vitiligo, sutton<br>nevus,<\/li>\n\n\n\n<li class=\"has-small-font-size\">Hankitut pigmenttih\u00e4iri\u00f6t: kesakot (lentigot), maksal\u00e4isk\u00e4t, dyskromia,<br>aurinkopigmentaatio, Civatten poikiloderma, Taivetummuus<\/li>\n\n\n\n<li class=\"has-small-font-size\">Valolle herkist\u00e4v\u00e4t aineet<\/li>\n\n\n\n<li class=\"has-small-font-size\">Pigmentih\u00e4iri\u00f6n hoitoprotokollat<\/li>\n\n\n\n<li class=\"has-small-font-size\">Vasta-aihe<\/li>\n\n\n\n<li class=\"has-small-font-size\">Pigmenttih\u00e4iri\u00f6n erotusdiagnostiikka<\/li>\n<\/ul>\n\n\n\n<p class=\"has-text-align-left has-small-font-size\"><strong>Osa VII<\/strong><\/p>\n\n\n\n<ul class=\"wp-block-list has-small-font-size\">\n<li>N\u00e4ppyl\u00e4t ihossa, perustiedot<\/li>\n\n\n\n<li>Akne, aknetyypit<\/li>\n\n\n\n<li>Aknehoidoprotokollat<\/li>\n\n\n\n<li>Aknej\u00e4ljet: arvet, pseudeatrofiat, PIH, diskromiat<\/li>\n\n\n\n<li>Akne. Asiakkaan tutkimus<\/li>\n<\/ul>\n\n\n\n<p class=\"has-text-align-left has-small-font-size\"><strong>Osa VIII<\/strong><\/p>\n\n\n\n<p><\/p>\n\n\n\n<ul class=\"wp-block-list\">\n<li class=\"has-small-font-size\">Couperosa:syyt, tyypit, vaiheet, hoitoprotokollat<\/li>\n\n\n\n<li class=\"has-small-font-size\">Ruusufinni: alamuodot, pahentavat tekijat, POD, hoitoprotokollat, itsehoito<\/li>\n<\/ul>\n\n\n\n<p class=\"has-text-align-left has-small-font-size\"><strong>Osa IX<\/strong><\/p>\n\n\n\n<ul class=\"wp-block-list\">\n<li>hyperkeratoosi: tyypit, hoitoprotokollat<\/li>\n\n\n\n<li>huulten kosteutus<\/li>\n\n\n\n<li>huulten&nbsp;ongelmat&nbsp;<\/li>\n\n\n\n<li>huulten kuivuus, huulten paikalliset ihottumat,&nbsp;cheiliitit&nbsp;<\/li>\n\n\n\n<li>huulten rypyt: syyt&nbsp;<\/li>\n\n\n\n<li>erotusdiagnostiikka&nbsp;<\/li>\n\n\n\n<li>hoitoprotokollat&nbsp;<\/li>\n\n\n\n<li>hyperkeratoosi&nbsp;<\/li>\n\n\n\n<li>yleisn\u00e4kym\u00e4&nbsp;<\/li>\n\n\n\n<li>tyypit&nbsp;<\/li>\n\n\n\n<li>erotusdiagnostiikka&nbsp;<\/li>\n\n\n\n<li>hoitoprotokollat<\/li>\n<\/ul>\n<\/div>\n","protected":false},"excerpt":{"rendered":"<p>Tervetuloa intensiivisen kemiallisen kuorinnan verkkokoulutukseemme Kouluttaja: Irina Lehtinen. MD kosmetologi, AAAM sertifioitu asiantutija, trikologi, saunaterpeutti Webinaari pidet\u00e4\u00e4n Teams kautta Hinta 350 \u20ac (sis. ALV 25,5%) Koulutuksen kesto 4 p\u00e4iv\u00e4\u00e4 \/ 3,5 tuntia Tutustu koulutuksen sis\u00e4lt\u00f6\u00f6n osoitteessa www.vandaestet.fi +358401958995 Irina.lehtinen@vandaestet.fi T\u00e4m\u00e4 koulutus on mainosvapaa eik\u00e4 sis\u00e4ll\u00e4 tuotemerkkeihin liittyv\u00e4\u00e4 sis\u00e4lt\u00f6\u00e4. Opimme kaiken kemiallisista kuorinnoista, k\u00e4ytetyist\u00e4 hapoista ja [&hellip;]<\/p>\n","protected":false},"author":1,"featured_media":0,"parent":0,"menu_order":0,"comment_status":"closed","ping_status":"closed","template":"","meta":{"footnotes":""},"class_list":["post-371","page","type-page","status-publish","hentry"],"_links":{"self":[{"href":"http:\/\/www.vandaestet.fi\/index.php\/wp-json\/wp\/v2\/pages\/371","targetHints":{"allow":["GET"]}}],"collection":[{"href":"http:\/\/www.vandaestet.fi\/index.php\/wp-json\/wp\/v2\/pages"}],"about":[{"href":"http:\/\/www.vandaestet.fi\/index.php\/wp-json\/wp\/v2\/types\/page"}],"author":[{"embeddable":true,"href":"http:\/\/www.vandaestet.fi\/index.php\/wp-json\/wp\/v2\/users\/1"}],"replies":[{"embeddable":true,"href":"http:\/\/www.vandaestet.fi\/index.php\/wp-json\/wp\/v2\/comments?post=371"}],"version-history":[{"count":4,"href":"http:\/\/www.vandaestet.fi\/index.php\/wp-json\/wp\/v2\/pages\/371\/revisions"}],"predecessor-version":[{"id":383,"href":"http:\/\/www.vandaestet.fi\/index.php\/wp-json\/wp\/v2\/pages\/371\/revisions\/383"}],"wp:attachment":[{"href":"http:\/\/www.vandaestet.fi\/index.php\/wp-json\/wp\/v2\/media?parent=371"}],"curies":[{"name":"wp","href":"https:\/\/api.w.org\/{rel}","templated":true}]}}