{"id":274,"date":"2024-05-03T15:19:06","date_gmt":"2024-05-03T15:19:06","guid":{"rendered":"https:\/\/www.vandaestet.fi\/?page_id=274"},"modified":"2024-05-03T15:19:06","modified_gmt":"2024-05-03T15:19:06","slug":"tayteainehoidot","status":"publish","type":"page","link":"https:\/\/www.vandaestet.fi\/index.php\/tayteainehoidot\/","title":{"rendered":"T\u00e4yteainehoidot"},"content":{"rendered":"\n<div class=\"wp-block-group alignfull has-global-padding is-layout-constrained wp-container-core-group-is-layout-2 wp-block-group-is-layout-constrained\" style=\"padding-top:var(--wp--preset--spacing--50);padding-right:var(--wp--preset--spacing--50);padding-bottom:var(--wp--preset--spacing--50);padding-left:var(--wp--preset--spacing--50)\">\n<div class=\"wp-block-group has-global-padding is-layout-constrained wp-container-core-group-is-layout-1 wp-block-group-is-layout-constrained\">\n<h1 class=\"wp-block-heading has-text-align-center has-x-large-font-size\">T\u00e4yteainehoidot ovat luonnollisia hoitoja, joiden avulla voit korostaa omia kasvopiirteit\u00e4si. <\/h1>\n\n\n\n<div style=\"height:1.25rem\" aria-hidden=\"true\" class=\"wp-block-spacer\"><\/div>\n\n\n\n<p class=\"has-text-align-center\">Nuori iho sis\u00e4lt\u00e4\u00e4 runsaasti hyaluronihappoa, ja kollageenin ja elastiinin tuotanto on normaali. Vanhassa ihossa hyaluronihapon m\u00e4\u00e4r\u00e4 laskee sek\u00e4 kosteudens\u00e4ilytyskyky heikkenee, mik\u00e4 aiheuttaa ryppyj\u00e4. K\u00e4yt\u00e4mme t\u00e4yteaineina vain laadukkaita ja turvallisia hyaluronihappovalmisteita, jotka ovat sertifioituja EU:ssa. T\u00e4yteaine vied\u00e4\u00e4n sis\u00e4\u00e4n neulalla ja ruiskeella tai kanyylilla. Hoitoalue puudutetaan hyvin tehokkaalla puudutevoiteella ennen varsinaisen hoidon aloittamista! T\u00e4yteaineiden tulos on luonnollisen n\u00e4k\u00f6inen, ei ole kausittaisia vasta-aiheita, ne voidaan tehd\u00e4 milloin tahansa vuoden aikana.<\/p>\n\n\n\n<div style=\"height:1.25rem\" aria-hidden=\"true\" class=\"wp-block-spacer\"><\/div>\n\n\n\n<div class=\"wp-block-buttons is-content-justification-center is-layout-flex wp-container-core-buttons-is-layout-1 wp-block-buttons-is-layout-flex\"><\/div>\n\n\n\n<div style=\"height:var(--wp--preset--spacing--30)\" aria-hidden=\"true\" class=\"wp-block-spacer\"><\/div>\n<\/div>\n<\/div>\n\n\n\n<div class=\"wp-block-group alignfull has-base-2-background-color has-background has-global-padding is-layout-constrained wp-container-core-group-is-layout-4 wp-block-group-is-layout-constrained\" style=\"margin-top:0;margin-bottom:0;padding-top:var(--wp--preset--spacing--50);padding-right:var(--wp--preset--spacing--50);padding-bottom:var(--wp--preset--spacing--50);padding-left:var(--wp--preset--spacing--50)\">\n<div class=\"wp-block-group is-vertical is-content-justification-center is-layout-flex wp-container-core-group-is-layout-3 wp-block-group-is-layout-flex\">\n<figure class=\"wp-block-image size-large\"><img loading=\"lazy\" decoding=\"async\" width=\"819\" height=\"1024\" src=\"http:\/\/www.vandaestet.fi\/wp-content\/uploads\/2021\/02\/AdobeStock_323713371-819x1024.jpeg\" alt=\"\" class=\"wp-image-33\" srcset=\"https:\/\/www.vandaestet.fi\/wp-content\/uploads\/2021\/02\/AdobeStock_323713371-819x1024.jpeg 819w, https:\/\/www.vandaestet.fi\/wp-content\/uploads\/2021\/02\/AdobeStock_323713371-240x300.jpeg 240w, https:\/\/www.vandaestet.fi\/wp-content\/uploads\/2021\/02\/AdobeStock_323713371-768x960.jpeg 768w, https:\/\/www.vandaestet.fi\/wp-content\/uploads\/2021\/02\/AdobeStock_323713371-1229x1536.jpeg 1229w, https:\/\/www.vandaestet.fi\/wp-content\/uploads\/2021\/02\/AdobeStock_323713371-1638x2048.jpeg 1638w, https:\/\/www.vandaestet.fi\/wp-content\/uploads\/2021\/02\/AdobeStock_323713371-1568x1960.jpeg 1568w, https:\/\/www.vandaestet.fi\/wp-content\/uploads\/2021\/02\/AdobeStock_323713371-scaled.jpeg 2048w\" sizes=\"auto, (max-width: 819px) 100vw, 819px\" \/><\/figure>\n<\/div>\n\n\n\n<div style=\"margin-top:0;margin-bottom:0;height:var(--wp--preset--spacing--40)\" aria-hidden=\"true\" class=\"wp-block-spacer\"><\/div>\n\n\n\n<div class=\"wp-block-columns alignwide is-layout-flex wp-container-core-columns-is-layout-1 wp-block-columns-is-layout-flex\">\n<div class=\"wp-block-column is-layout-flow wp-container-core-column-is-layout-1 wp-block-column-is-layout-flow\">\n<h3 class=\"wp-block-heading has-text-align-left is-style-asterisk has-body-font-family has-medium-font-size\" style=\"font-style:normal;font-weight:600\">Huulten muotoilu ja t\u00e4ytt\u00e4minen<\/h3>\n\n\n\n<p class=\"has-text-align-left\" style=\"font-size:12px\">Yksi suosituimmista kauneustoimenpiteist\u00e4. T\u00e4m\u00e4n toimenpiteen avulla huulista tulee t\u00e4ytel\u00e4isemm\u00e4t. Huulten ymp\u00e4rill\u00e4 olevat rypyt, alasp\u00e4in painuvat suupielet saadaan piilotettua ja ilmeest\u00e4 tulee pirte\u00e4mpi. Vaikutus kest\u00e4\u00e4 6-12 kk yksil\u00f6llisesti. Toimenpide kest\u00e4\u00e4 noin tunti. Hoitoalue puudutaan hyvin tehokkaalla puudutusvoiteella ennen varsinaisen hoidon aloittamista.<\/p>\n<\/div>\n\n\n\n<div class=\"wp-block-column is-layout-flow wp-container-core-column-is-layout-2 wp-block-column-is-layout-flow\">\n<h3 class=\"wp-block-heading has-text-align-left is-style-asterisk has-body-font-family has-medium-font-size\" style=\"font-style:normal;font-weight:600\">Nen\u00e4n muotoilu<\/h3>\n\n\n\n<p class=\"has-text-align-left\" style=\"font-size:12px\">Tehd\u00e4\u00e4n ilman leikkausta, kun halutaan pient\u00e4 korjausta. \u2022 ep\u00e4symmetrinen muoto \u2022 nen\u00e4n k\u00e4rki k\u00e4\u00e4ntyy yl\u00f6s tai alas tai liian ohut \u2022 kuoppainen tai ep\u00e4tasainen nen\u00e4 \u2022 ter\u00e4v\u00e4 nen\u00e4ntyvi \u2022 l\u00e4tt\u00e4nen\u00e4, kippuranen\u00e4 tai ky\u00f6mynen\u00e4 \u2022 pehmytkudosten velttous ja laskeuma Lis\u00e4ksi menettely suoritetaan huomattavien vikojen vuoksi, jotka voidaan korjata vain leikkauksella. T\u00e4ss\u00e4 tapauksessa se toimii tilap\u00e4isen\u00e4 toimenpiteen\u00e4, joka mahdollistaa esteettisten parannusten saamisen (esimerkiksi, jos toimenpide ei ole viel\u00e4 mahdollinen l\u00e4\u00e4ketieteellisille indikaatioille tai potilas ei ole saavuttanut ik\u00e4rajaa).<\/p>\n<\/div>\n\n\n\n<div class=\"wp-block-column is-layout-flow wp-container-core-column-is-layout-3 wp-block-column-is-layout-flow\">\n<h3 class=\"wp-block-heading has-text-align-left is-style-asterisk has-body-font-family has-medium-font-size\" style=\"font-style:normal;font-weight:600\">Poskien muotoilu<\/h3>\n\n\n\n<p style=\"font-size:12px\">Lis\u00e4\u00e4 volyymia, t\u00e4ytt\u00e4\u00e4 tilavuusvajeen ja korjaa viat ilman leikkausta, kun on esim:<\/p>\n\n\n\n<p style=\"font-size:12px\">\u2022 kasvojen soikea muoto<\/p>\n\n\n\n<p style=\"font-size:12px\">\u2022 kyynelurien juonteen korjaus<\/p>\n\n\n\n<p style=\"font-size:12px\">\u2022 kuoppaiset posket<\/p>\n\n\n\n<p style=\"font-size:12px\">\u2022 poskip\u00e4iden volyymivajaus<\/p>\n\n\n\n<p style=\"font-size:12px\">Kuntoutus kest\u00e4\u00e4 2-7 p\u00e4iv\u00e4\u00e4. Yleens\u00e4 punoitus ja turvotus pysyv\u00e4t 2-3 p\u00e4iv\u00e4\u00e4. Tulos n\u00e4hd\u00e4\u00e4n heti t\u00e4yteaineen k\u00e4yt\u00f6n j\u00e4lkeen. T\u00e4ydellinen tulos saavutetaan kuukaudessa. Menettelyn j\u00e4lkeen poskip\u00e4\u00e4t n\u00e4ytt\u00e4v\u00e4t luonnollisilta, el\u00e4v\u00e4t ilmeet s\u00e4ilyv\u00e4t. Haittavaikutusten riski on v\u00e4h\u00e4inen.<\/p>\n<\/div>\n<\/div>\n\n\n\n<div style=\"height:var(--wp--preset--spacing--20)\" aria-hidden=\"true\" class=\"wp-block-spacer\"><\/div>\n\n\n\n<div class=\"wp-block-columns alignwide is-layout-flex wp-container-core-columns-is-layout-2 wp-block-columns-is-layout-flex\">\n<div class=\"wp-block-column is-layout-flow wp-container-core-column-is-layout-4 wp-block-column-is-layout-flow\">\n<h3 class=\"wp-block-heading has-text-align-left is-style-asterisk has-body-font-family has-medium-font-size\" style=\"font-style:normal;font-weight:600\">Nasolabiaali-juonteiden t\u00e4ytt\u00f6<\/h3>\n\n\n\n<p class=\"has-text-align-left\" style=\"font-size:12px\">Syv\u00e4t rypyt ja ihojuonteet voidaan tasoittaa t\u00e4yteaineiden avulla. Lopputulos on huomaamaton ja eritt\u00e4in luonnollinen. Ihon juonteet kuuluvat i\u00e4n tuomiin muutoksiin. Kasvot voivat n\u00e4ytt\u00e4\u00e4 v\u00e4syneilt\u00e4, koska juonteet muodostuvat kasvoissa aina alasp\u00e4in. T\u00e4ytett\u00e4 voidaan laittaa juonteisiin niin, ett\u00e4 lopputulos on hyvin tasainen ja huomaamaton. Kasvosi n\u00e4ytt\u00e4v\u00e4t heti toimenpiteen j\u00e4lkeen pirteilt\u00e4 ja nuorekkailta. Takaamme luonnollisen ja pitk\u00e4kestoisen lopputuloksen.<\/p>\n<\/div>\n\n\n\n<div class=\"wp-block-column is-layout-flow wp-container-core-column-is-layout-5 wp-block-column-is-layout-flow\">\n<h3 class=\"wp-block-heading has-text-align-left is-style-asterisk has-body-font-family has-medium-font-size\" style=\"font-style:normal;font-weight:600\">Leuan ja leukalinjan korjaus<\/h3>\n\n\n\n<p style=\"font-size:12px\">\u2022 velttous leuan alueella<\/p>\n\n\n\n<p style=\"font-size:12px\">\u2022 soikion selke\u00e4n muodon menett\u00e4minen<\/p>\n\n\n\n<p style=\"font-size:12px\">\u2022 ik\u00e4\u00e4n liittyvi\u00e4 ryppyj\u00e4<\/p>\n\n\n\n<p style=\"font-size:12px\">\u2022 kuoppainen leuka<\/p>\n\n\n\n<p style=\"font-size:12px\">\u2022 volyymivajaus<\/p>\n\n\n\n<p style=\"font-size:12px\">\u2022 ep\u00e4symmetrisyys<\/p>\n<\/div>\n\n\n\n<div class=\"wp-block-column is-layout-flow wp-container-core-column-is-layout-6 wp-block-column-is-layout-flow\">\n<p class=\"has-text-align-left\"><\/p>\n\n\n<\/div>\n<\/div>\n<\/div>\n","protected":false},"excerpt":{"rendered":"<p>T\u00e4yteainehoidot ovat luonnollisia hoitoja, joiden avulla voit korostaa omia kasvopiirteit\u00e4si. Nuori iho sis\u00e4lt\u00e4\u00e4 runsaasti hyaluronihappoa, ja kollageenin ja elastiinin tuotanto on normaali. Vanhassa ihossa hyaluronihapon m\u00e4\u00e4r\u00e4 laskee sek\u00e4 kosteudens\u00e4ilytyskyky heikkenee, mik\u00e4 aiheuttaa ryppyj\u00e4. K\u00e4yt\u00e4mme t\u00e4yteaineina vain laadukkaita ja turvallisia hyaluronihappovalmisteita, jotka ovat sertifioituja EU:ssa. T\u00e4yteaine vied\u00e4\u00e4n sis\u00e4\u00e4n neulalla ja ruiskeella tai kanyylilla. Hoitoalue puudutetaan hyvin [&hellip;]<\/p>\n","protected":false},"author":1,"featured_media":0,"parent":0,"menu_order":0,"comment_status":"closed","ping_status":"closed","template":"","meta":{"footnotes":""},"class_list":["post-274","page","type-page","status-publish","hentry"],"_links":{"self":[{"href":"https:\/\/www.vandaestet.fi\/index.php\/wp-json\/wp\/v2\/pages\/274","targetHints":{"allow":["GET"]}}],"collection":[{"href":"https:\/\/www.vandaestet.fi\/index.php\/wp-json\/wp\/v2\/pages"}],"about":[{"href":"https:\/\/www.vandaestet.fi\/index.php\/wp-json\/wp\/v2\/types\/page"}],"author":[{"embeddable":true,"href":"https:\/\/www.vandaestet.fi\/index.php\/wp-json\/wp\/v2\/users\/1"}],"replies":[{"embeddable":true,"href":"https:\/\/www.vandaestet.fi\/index.php\/wp-json\/wp\/v2\/comments?post=274"}],"version-history":[{"count":1,"href":"https:\/\/www.vandaestet.fi\/index.php\/wp-json\/wp\/v2\/pages\/274\/revisions"}],"predecessor-version":[{"id":275,"href":"https:\/\/www.vandaestet.fi\/index.php\/wp-json\/wp\/v2\/pages\/274\/revisions\/275"}],"wp:attachment":[{"href":"https:\/\/www.vandaestet.fi\/index.php\/wp-json\/wp\/v2\/media?parent=274"}],"curies":[{"name":"wp","href":"https:\/\/api.w.org\/{rel}","templated":true}]}}