{"id":351,"date":"2025-01-27T10:10:44","date_gmt":"2025-01-27T10:10:44","guid":{"rendered":"https:\/\/www.vandaestet.fi\/?page_id=351"},"modified":"2025-01-27T10:20:19","modified_gmt":"2025-01-27T10:20:19","slug":"hiusten-ja-paanahan-hoito","status":"publish","type":"page","link":"https:\/\/www.vandaestet.fi\/index.php\/hiusten-ja-paanahan-hoito\/","title":{"rendered":"Hiusten ja p\u00e4\u00e4nahan hoito"},"content":{"rendered":"\n<div class=\"wp-block-group alignfull has-base-background-color has-background has-global-padding is-layout-constrained wp-container-core-group-is-layout-1 wp-block-group-is-layout-constrained\" style=\"margin-top:0;margin-bottom:0;padding-top:var(--wp--preset--spacing--50);padding-right:var(--wp--preset--spacing--50);padding-bottom:var(--wp--preset--spacing--50);padding-left:var(--wp--preset--spacing--50)\">\n<div class=\"wp-block-columns alignwide is-layout-flex wp-container-core-columns-is-layout-2 wp-block-columns-is-layout-flex\">\n<div class=\"wp-block-column has-global-padding is-content-justification-left is-layout-constrained wp-container-core-column-is-layout-1 wp-block-column-is-layout-constrained\" style=\"flex-basis:40%\">\n<p style=\"font-size:clamp(0.984rem, 0.984rem + ((1vw - 0.2rem) * 0.86), 1.5rem);\">Hiusanalysaattorilla eli trikoskoopilla tehty tutkimus auttaa arvioimaan hiusten rakennetta, hiusl\u00e4hd\u00f6n syit\u00e4 ja p\u00e4\u00e4nahan tilaa. My\u00f6s sill\u00e4 voidaan arvioida onko tarvetta l\u00e4\u00e4k\u00e4rin vastaanotolle.<\/p>\n<\/div>\n\n\n\n<div class=\"wp-block-column is-layout-flow wp-container-core-column-is-layout-4 wp-block-column-is-layout-flow\" style=\"flex-basis:60%\">\n<p class=\"has-heading-font-family has-x-large-font-size\" style=\"line-height:1.2\">Hiusten tutkimus trikoskoopilla, hoitosuunnitelma, tarvittavien toimenpiteiden ohjelma.<\/p>\n\n\n\n<div class=\"wp-block-columns is-layout-flex wp-container-core-columns-is-layout-1 wp-block-columns-is-layout-flex\">\n<div class=\"wp-block-column is-layout-flow wp-block-column-is-layout-flow\">\n<p class=\"wp-container-content-1\">Hiustenhoitoon sis\u00e4ltyy yhdistelm\u00e4 tekniikoita, joihin kuuluu my\u00f6s p\u00e4\u00e4nahan ja niska-hartian hoito. T\u00e4m\u00e4 hoitoyhdistelm\u00e4 vahvistaa hiuksia, nopeuttaa niiden kasvua, parantaa p\u00e4\u00e4nahan kuntoa, v\u00e4hent\u00e4\u00e4 hiustenl\u00e4ht\u00f6\u00e4, antaa hiuksille terveen ulkon\u00e4\u00f6n, normalisoi p\u00e4\u00e4nahan verenkiertoa, parantaa p\u00e4\u00e4nahan aineenvaihduntaa.<\/p>\n<\/div>\n\n\n\n<div class=\"wp-block-column is-layout-flow wp-block-column-is-layout-flow\">\n<p>Hoitoyhdistelm\u00e4 valitaan yksil\u00f6llisesti kuiville hiuksille, varhaisharmaille hiuksille, rasvaisille hiuksille, hiustenl\u00e4ht\u00f6\u00f6n, hauraille hiuksille, kaksinhaaraisille hiuksille.<\/p>\n\n\n\n<p>K\u00e4ytetyt menetelm\u00e4t: kemiallinen kuorinta, mesoterapia, p\u00e4\u00e4nahanhieronta, Darsonval, LED\/LLL valohoito, Ultrasound, spraygun hiusten l\u00e4ht\u00f6\u00e4 est\u00e4v\u00e4t erikoisseerumit.<\/p>\n<\/div>\n<\/div>\n<\/div>\n<\/div>\n<\/div>\n\n\n\n<div class=\"wp-block-cover alignfull is-light has-parallax\" style=\"padding-top:var(--wp--preset--spacing--50);padding-right:var(--wp--preset--spacing--50);padding-bottom:var(--wp--preset--spacing--50);padding-left:var(--wp--preset--spacing--50);min-height:100vh;aspect-ratio:unset;\"><span aria-hidden=\"true\" class=\"wp-block-cover__background has-base-background-color has-background-dim-0 has-background-dim\"><\/span><div class=\"wp-block-cover__image-background wp-image-353 has-parallax\" style=\"background-position:50% 50%;background-image:url(https:\/\/www.vandaestet.fi\/wp-content\/uploads\/2025\/01\/Nimeton-malli-1.png)\"><\/div><div class=\"wp-block-cover__inner-container has-global-padding is-layout-constrained wp-container-core-cover-is-layout-1 wp-block-cover-is-layout-constrained\">\n<div style=\"height:500px\" aria-hidden=\"true\" class=\"wp-block-spacer\"><\/div>\n<\/div><\/div>\n\n\n\n<div class=\"wp-block-group alignfull has-base-2-background-color has-background has-global-padding is-layout-constrained wp-container-core-group-is-layout-3 wp-block-group-is-layout-constrained\" style=\"margin-top:0;margin-bottom:0;padding-top:var(--wp--preset--spacing--60);padding-right:var(--wp--preset--spacing--60);padding-bottom:var(--wp--preset--spacing--60);padding-left:var(--wp--preset--spacing--60)\">\n<div class=\"wp-block-group alignwide is-layout-flow wp-block-group-is-layout-flow\">\n<div style=\"height:var(--wp--preset--spacing--50)\" aria-hidden=\"true\" class=\"wp-block-spacer\"><\/div>\n<\/div>\n<\/div>\n","protected":false},"excerpt":{"rendered":"<p>Hiusanalysaattorilla eli trikoskoopilla tehty tutkimus auttaa arvioimaan hiusten rakennetta, hiusl\u00e4hd\u00f6n syit\u00e4 ja p\u00e4\u00e4nahan tilaa. My\u00f6s sill\u00e4 voidaan arvioida onko tarvetta l\u00e4\u00e4k\u00e4rin vastaanotolle. Hiusten tutkimus trikoskoopilla, hoitosuunnitelma, tarvittavien toimenpiteiden ohjelma. Hiustenhoitoon sis\u00e4ltyy yhdistelm\u00e4 tekniikoita, joihin kuuluu my\u00f6s p\u00e4\u00e4nahan ja niska-hartian hoito. T\u00e4m\u00e4 hoitoyhdistelm\u00e4 vahvistaa hiuksia, nopeuttaa niiden kasvua, parantaa p\u00e4\u00e4nahan kuntoa, v\u00e4hent\u00e4\u00e4 hiustenl\u00e4ht\u00f6\u00e4, antaa hiuksille terveen [&hellip;]<\/p>\n","protected":false},"author":1,"featured_media":0,"parent":0,"menu_order":0,"comment_status":"closed","ping_status":"closed","template":"","meta":{"footnotes":""},"class_list":["post-351","page","type-page","status-publish","hentry"],"_links":{"self":[{"href":"https:\/\/www.vandaestet.fi\/index.php\/wp-json\/wp\/v2\/pages\/351","targetHints":{"allow":["GET"]}}],"collection":[{"href":"https:\/\/www.vandaestet.fi\/index.php\/wp-json\/wp\/v2\/pages"}],"about":[{"href":"https:\/\/www.vandaestet.fi\/index.php\/wp-json\/wp\/v2\/types\/page"}],"author":[{"embeddable":true,"href":"https:\/\/www.vandaestet.fi\/index.php\/wp-json\/wp\/v2\/users\/1"}],"replies":[{"embeddable":true,"href":"https:\/\/www.vandaestet.fi\/index.php\/wp-json\/wp\/v2\/comments?post=351"}],"version-history":[{"count":2,"href":"https:\/\/www.vandaestet.fi\/index.php\/wp-json\/wp\/v2\/pages\/351\/revisions"}],"predecessor-version":[{"id":356,"href":"https:\/\/www.vandaestet.fi\/index.php\/wp-json\/wp\/v2\/pages\/351\/revisions\/356"}],"wp:attachment":[{"href":"https:\/\/www.vandaestet.fi\/index.php\/wp-json\/wp\/v2\/media?parent=351"}],"curies":[{"name":"wp","href":"https:\/\/api.w.org\/{rel}","templated":true}]}}