{"id":94,"date":"2021-03-17T12:00:37","date_gmt":"2021-03-17T12:00:37","guid":{"rendered":"http:\/\/www.vandaestet.fi\/?page_id=94"},"modified":"2024-05-03T13:10:29","modified_gmt":"2024-05-03T13:10:29","slug":"laitehoidot","status":"publish","type":"page","link":"https:\/\/www.vandaestet.fi\/index.php\/laitehoidot\/","title":{"rendered":"Laitehoidot"},"content":{"rendered":"\n<div class=\"wp-block-cover alignfull is-light wp-duotone-duotone-5\" style=\"margin-top:0;padding-top:48px;padding-right:48px;padding-bottom:48px;padding-left:48px;min-height:66vh;aspect-ratio:unset;\"><span aria-hidden=\"true\" class=\"wp-block-cover__background has-background-dim-30 has-background-dim\" style=\"background-color:#7c8799\"><\/span><img loading=\"lazy\" decoding=\"async\" width=\"991\" height=\"690\" class=\"wp-block-cover__image-background wp-image-95\" alt=\"\" src=\"http:\/\/www.vandaestet.fi\/wp-content\/uploads\/2021\/03\/jetttt.jpg\" data-object-fit=\"cover\" srcset=\"https:\/\/www.vandaestet.fi\/wp-content\/uploads\/2021\/03\/jetttt.jpg 991w, https:\/\/www.vandaestet.fi\/wp-content\/uploads\/2021\/03\/jetttt-300x209.jpg 300w, https:\/\/www.vandaestet.fi\/wp-content\/uploads\/2021\/03\/jetttt-768x535.jpg 768w\" sizes=\"auto, (max-width: 991px) 100vw, 991px\" \/><div class=\"wp-block-cover__inner-container is-layout-flow wp-block-cover-is-layout-flow\">\n<div class=\"wp-block-group has-global-padding is-content-justification-left is-layout-constrained wp-container-core-group-is-layout-1 wp-block-group-is-layout-constrained\">\n<h3 class=\"wp-block-heading has-text-align-left has-white-color has-text-color\" style=\"font-size:clamp(50.171px, 3.136rem + ((1vw - 3.2px) * 5.191), 100px);font-style:normal;font-weight:700;letter-spacing:0px;line-height:1;text-transform:uppercase\">jETT PLASMA LIFT MEDICAL<\/h3>\n\n\n\n<p class=\"has-base-2-color has-text-color has-link-color wp-elements-fc1fe210f1aab7c1a7af6f20893e0227\">JETT PLASMA LIFT MEDICAL on l\u00e4\u00e4ketieteellinen laite non-invasiivisen kirurgian k\u00e4ytt\u00f6\u00f6n. Ensimm\u00e4inen patentoitu plasmamenetelm\u00e4 maailmassa, joka hoitaa tehokkaasti monenlaisia iho-ongelmia. Laite on valmistettu T\u0161ekiss\u00e4 ja sertifioitu EU:ssa. CE 150547<\/p>\n\n\n\n<div class=\"wp-block-columns is-layout-flex wp-container-core-columns-is-layout-1 wp-block-columns-is-layout-flex\">\n<div class=\"wp-block-column is-layout-flow wp-block-column-is-layout-flow\">\n<p class=\"has-base-2-color has-text-color has-link-color wp-elements-9cb2506ef0e368acbd530547df628eba\" style=\"font-size:13px\">Miten plasma toimii? Jokaisella solulla on membraanipotentiaali kalvossaan. Kun iho ik\u00e4\u00e4ntyy, s\u00e4hk\u00f6varaus jakautuu ep\u00e4tasaisesti membraanin suuntaan ja kalvon s\u00e4hk\u00f6j\u00e4nnite muuttuu. Solukalvon kimmoisuus heikkenee. Solukalvo muuttuu koveraksi. Aineenvaihdunta h\u00e4iriintyy. Solujen \u201dhengitys\u201d on huono. Ihon velttous vaikuttaa kasvojen piirteisiin, rypyt ja juonteet ovat lis\u00e4\u00e4ntyneet.<\/p>\n<\/div>\n\n\n\n<div class=\"wp-block-column is-layout-flow wp-block-column-is-layout-flow\">\n<p class=\"has-base-2-color has-text-color has-link-color wp-elements-65635a33c1974c05075eef86fc263ec9\" style=\"font-size:13px\">Hoidon aikana ihon \u201dhengitys\u201d normalisoituu ja aineenvaihdunta paranee. Jett Plasma vain l\u00e4mmitt\u00e4\u00e4 ihoa, eik\u00e4 irrota vanhaa ihon pintaa. T\u00e4m\u00e4 vaikutus kehitt\u00e4\u00e4 kollageenin tuotantoa ja iho uusiutuu ilman epidermiksen vaurioittamista. Plasman vaikutus elimist\u00f6\u00f6n on t\u00e4ysin vaaraton. Toimenpiteet Jett Plasma Lift Medical-laitteella saa tehd\u00e4 +18 vuoden ik\u00e4isille, sek\u00e4 naisille ett\u00e4 miehille.<\/p>\n<\/div>\n<\/div>\n<\/div>\n\n\n\n<div style=\"height:14px\" aria-hidden=\"true\" class=\"wp-block-spacer\"><\/div>\n\n\n\n<div class=\"wp-block-buttons is-content-justification-left is-nowrap is-layout-flex wp-container-core-buttons-is-layout-1 wp-block-buttons-is-layout-flex\"><\/div>\n<\/div><\/div>\n\n\n\n<div class=\"wp-block-cover alignfull is-light wp-duotone-unset-1\" style=\"margin-top:0;padding-top:48px;padding-right:48px;padding-bottom:48px;padding-left:48px;min-height:946px;aspect-ratio:unset;\"><span aria-hidden=\"true\" class=\"wp-block-cover__background has-background-dim-30 has-background-dim\" style=\"background-color:#f1f6fb\"><\/span><img loading=\"lazy\" decoding=\"async\" width=\"2560\" height=\"1413\" class=\"wp-block-cover__image-background wp-image-96\" alt=\"\" src=\"http:\/\/www.vandaestet.fi\/wp-content\/uploads\/2021\/03\/AdobeStock_273278441-scaled.jpeg\" data-object-fit=\"cover\" srcset=\"https:\/\/www.vandaestet.fi\/wp-content\/uploads\/2021\/03\/AdobeStock_273278441-scaled.jpeg 2560w, https:\/\/www.vandaestet.fi\/wp-content\/uploads\/2021\/03\/AdobeStock_273278441-300x166.jpeg 300w, https:\/\/www.vandaestet.fi\/wp-content\/uploads\/2021\/03\/AdobeStock_273278441-1024x565.jpeg 1024w, https:\/\/www.vandaestet.fi\/wp-content\/uploads\/2021\/03\/AdobeStock_273278441-768x424.jpeg 768w, https:\/\/www.vandaestet.fi\/wp-content\/uploads\/2021\/03\/AdobeStock_273278441-1536x848.jpeg 1536w, https:\/\/www.vandaestet.fi\/wp-content\/uploads\/2021\/03\/AdobeStock_273278441-2048x1130.jpeg 2048w\" sizes=\"auto, (max-width: 2560px) 100vw, 2560px\" \/><div class=\"wp-block-cover__inner-container is-layout-flow wp-block-cover-is-layout-flow\">\n<div class=\"wp-block-group has-global-padding is-layout-constrained wp-container-core-group-is-layout-2 wp-block-group-is-layout-constrained\">\n<div class=\"wp-block-columns is-layout-flex wp-container-core-columns-is-layout-2 wp-block-columns-is-layout-flex\">\n<div class=\"wp-block-column is-layout-flow wp-block-column-is-layout-flow\">\n<p style=\"font-size:12px\"><strong>Bipolaarinen RF-hoito<\/strong> parantaa ihon kimmoisuutta, muotoilee leukalinjaa ja parantaa silmien ymp\u00e4rysaluetta, h\u00e4vitt\u00e4\u00e4 ryppyj\u00e4. Hoidon j\u00e4lkeen iho n\u00e4ytt\u00e4\u00e4 nuoremmalta ja sile\u00e4mm\u00e4lt\u00e4. RF hoidolla on kaksi vaikutusta: ensimm\u00e4isen hoidon j\u00e4lkeen kollageenis\u00e4ikeet tiivistyv\u00e4t ja my\u00f6hemmin fibroblastien tuotanto stimuloituu. Hoitojen m\u00e4\u00e4r\u00e4 on yleens\u00e4 3- 6 kertaa. K\u00e4ytt\u00f6alueet: ihon velttous, silm\u00e4pussit, tummat silm\u00e4naluset, roikkuva alakasvojen alue. Hoidon kesto noin tunti.<\/p>\n<\/div>\n\n\n\n<div class=\"wp-block-column is-layout-flow wp-block-column-is-layout-flow\">\n<p style=\"font-size:12px\"><strong>HYDRA WATER FACIAL<\/strong> on ainutlaatuinen ihonhoito, joka puhdistaa ja kuorii ihoa sek\u00e4 tyhjent\u00e4\u00e4 musta- ja valkop\u00e4isi\u00e4 ihohuokosia. Hoitavat aineet imeytyv\u00e4t ihoon toimenpiteen aikana. Hoitavat aineet j\u00e4\u00e4v\u00e4t vaikuttamaan ihossa viel\u00e4 hoidon j\u00e4lkeen, mink\u00e4 avulla tulos n\u00e4hd\u00e4\u00e4n usea p\u00e4iv\u00e4 hoidon j\u00e4lkeen. H\u00e4vitt\u00e4\u00e4 juonteita, kiinteytt\u00e4\u00e4 ja kosteuttaa ihoa, poistaa pigmenttil\u00e4iski\u00e4 ja muita ihon v\u00e4riongelmia, puhdistaa huokosia. K\u00e4ytt\u00f6alueet: musta- ja valkop\u00e4\u00e4huokoset, pigmenttil\u00e4isk\u00e4t, ihon v\u00e4riongelmat, ihon syv\u00e4puhdistus, rasvainen iho, veltto ja kuiva iho. Hoito on kivuton ja sopii kaikille ihotyypeille. Hoidon j\u00e4lkeen saa meikata ja menn\u00e4 juhliin!<\/p>\n<\/div>\n\n\n\n<div class=\"wp-block-column is-layout-flow wp-block-column-is-layout-flow\">\n<p style=\"font-size:12px\"><strong>ULTRASOUND<\/strong> on hoitomenetelm\u00e4 ultra\u00e4\u00e4nell\u00e4. Hoitavat aineet ulottuvat syv\u00e4lle ihoon, vahvistavat solujen sein\u00e4mi\u00e4, parantavat aineenvaihduntaa, normalisoivat veren- ja lymfakiertoa sek\u00e4 poistavat liikanestekertymi\u00e4 ihon kudoksista. U\u00c4 v\u00e4r\u00e4htely vaikuttaa ihoon hieronnan tavoin. Hoidon aikana k\u00e4ytet\u00e4\u00e4n erilaisia hoitavia aineita, joiden valinta riippuu ihon tilanteesta ja sen ongelmista, asiakkaan toiveesta. Sopii kaikille. Hoitojen m\u00e4\u00e4r\u00e4 riippuu ihon tilanteesta, yleens\u00e4 1-3 kertaa.<\/p>\n<\/div>\n<\/div>\n<\/div>\n\n\n\n<div class=\"wp-block-columns is-layout-flex wp-container-core-columns-is-layout-3 wp-block-columns-is-layout-flex\">\n<div class=\"wp-block-column is-layout-flow wp-block-column-is-layout-flow\">\n<p style=\"font-size:12px\"><strong>COLD HAMMER <\/strong>on ihon hoito kylm\u00e4vaikutuksella. Poistaa ihon \u00e4rsytyst\u00e4 ja punoitusta, h\u00e4vitt\u00e4\u00e4 kasvojen turvotusta sek\u00e4 pintaryppyj\u00e4, parantaa lymfakiertoa, detox-vaikutus ihoon, pienent\u00e4\u00e4 huokosia. Mm. Cold Hammer k\u00e4ytet\u00e4\u00e4n silm\u00e4nymp\u00e4rysalueella silm\u00e4pussien ja tummien silm\u00e4nalusten hoitoon ja \u201danti-age\u201d- ohjelmassa.<\/p>\n<\/div>\n\n\n\n<div class=\"wp-block-column is-layout-flow wp-block-column-is-layout-flow\">\n<p style=\"font-size:12px\"><strong>HYDROGEN OXYGEN SPRAY<\/strong> hoidon aikana k\u00e4ytet\u00e4\u00e4n erilaisia hoitavia aineita, jotka oxyhydrogenin avulla imeytyv\u00e4t syv\u00e4lle ihoon. Toimenpiteen aikana talirauhasen tiet puhdistuvat, akne- ja rasvaisen ihon kunto normalisoituu.<\/p>\n\n\n\n<p style=\"font-size:12px\"><strong>RF MIKRONEULAUSHOITO<\/strong> on ei-kirurginen kasvojen kohotus, joka pienent\u00e4\u00e4 huokosia, hoitaa akne- ja muita arpia, kirist\u00e4\u00e4\u00e4 ihoa, hoitaa couperosaa ja poistaa pigmenttil\u00e4iski\u00e4. Hoitaa my\u00f6s venytysarpia.<\/p>\n<\/div>\n\n\n\n<div class=\"wp-block-column is-layout-flow wp-block-column-is-layout-flow\">\n<p style=\"font-size:12px\"><strong>PDT \/ LED<\/strong> on hoito biologisesti aktiivisella kylm\u00e4ll\u00e4 valolla. T\u00e4m\u00e4 on ainutlaatuinen menetelm\u00e4, joka kuluttaa hyvin v\u00e4h\u00e4n energiaa eik\u00e4 s\u00e4teile voimakasta l\u00e4mp\u00f6\u00e4. LED: n hoidossa k\u00e4ytet\u00e4\u00e4n 7 v\u00e4ri\u00e4. Jokaisella v\u00e4rill\u00e4 on erilainen aallonpituus ja se vaikuttaa ihoon eri tavalla. LED-terapia parantaa verenkiertoa, stimuloi kollageenin tuotantoa, parantaa ihon kimmoisuutta ja hidastaa ihon ik\u00e4\u00e4ntymist\u00e4.<\/p>\n<\/div>\n<\/div>\n\n\n\n<p style=\"font-size:12px\"><strong>HIFI (HF, DARSONVAL)<\/strong> altistaa ihon korkeataajuiselle s\u00e4hk\u00f6virralle kaasut\u00e4ytetyn elektrodin l\u00e4pi. Sill\u00e4 on my\u00f6nteinen vaikutus ihon tilaan, se stimuloi orvaskeden aineenvaihduntaprosesseja, parantaa hiussuonten verenkiertoa kyll\u00e4st\u00e4en kudoksia hapella. Poistaa liikanestekertymi\u00e4, hoitoa tulehduksia, vahvistaa ihon kimmoisuutta. Darsonvalin k\u00e4ytt\u00f6 normalisoi talirauhasten ja hikirauhasten toimintaa, auttaa poistamaan aknea, mustap\u00e4it\u00e4 ja erilaisia n\u00e4ppyj\u00e4. Vaikutus p\u00e4\u00e4nahkaan: parantaa p\u00e4\u00e4nahan verenkiertoa, parantaa hiusten kuntoa ja rakennetta, v\u00e4hent\u00e4\u00e4 hiustenl\u00e4ht\u00f6\u00e4, normalisoi talirauhasten toimintaa.<\/p>\n<\/div><\/div>\n","protected":false},"excerpt":{"rendered":"","protected":false},"author":1,"featured_media":0,"parent":0,"menu_order":0,"comment_status":"closed","ping_status":"closed","template":"","meta":{"footnotes":""},"class_list":["post-94","page","type-page","status-publish","hentry"],"_links":{"self":[{"href":"https:\/\/www.vandaestet.fi\/index.php\/wp-json\/wp\/v2\/pages\/94","targetHints":{"allow":["GET"]}}],"collection":[{"href":"https:\/\/www.vandaestet.fi\/index.php\/wp-json\/wp\/v2\/pages"}],"about":[{"href":"https:\/\/www.vandaestet.fi\/index.php\/wp-json\/wp\/v2\/types\/page"}],"author":[{"embeddable":true,"href":"https:\/\/www.vandaestet.fi\/index.php\/wp-json\/wp\/v2\/users\/1"}],"replies":[{"embeddable":true,"href":"https:\/\/www.vandaestet.fi\/index.php\/wp-json\/wp\/v2\/comments?post=94"}],"version-history":[{"count":9,"href":"https:\/\/www.vandaestet.fi\/index.php\/wp-json\/wp\/v2\/pages\/94\/revisions"}],"predecessor-version":[{"id":272,"href":"https:\/\/www.vandaestet.fi\/index.php\/wp-json\/wp\/v2\/pages\/94\/revisions\/272"}],"wp:attachment":[{"href":"https:\/\/www.vandaestet.fi\/index.php\/wp-json\/wp\/v2\/media?parent=94"}],"curies":[{"name":"wp","href":"https:\/\/api.w.org\/{rel}","templated":true}]}}